{"id":5108,"date":"2020-09-04T22:56:52","date_gmt":"2020-09-04T19:56:52","guid":{"rendered":"https:\/\/akrasuaritma.com\/?page_id=5108"},"modified":"2020-09-04T23:06:27","modified_gmt":"2020-09-04T20:06:27","slug":"ters-osmoz","status":"publish","type":"page","link":"https:\/\/akrasuaritma.com\/en\/ters-osmoz\/","title":{"rendered":"Reverse Osmosis"},"content":{"rendered":"<p><strong>Reverse Osmosis<\/strong><\/p>\n\n\n\n<p>RO membran\u0131 t\u00fcm \u00e7\u00f6z\u00fcnm\u00fc\u015f tuzlar ve inorganik molek\u00fclleri, ayr\u0131ca molek\u00fcl a\u011f\u0131rl\u0131\u011f\u0131 yakla\u015f\u0131k 100 daltonun \u00fczerindeki organik molek\u00fclleri ar\u0131t\u0131r.<\/p>\n\n\n\n<p>Tipik \u00e7\u00f6z\u00fcnm\u00fc\u015f tuz ar\u0131t\u0131m\u0131 95 \u2013 99%.<\/p>\n\n\n\n<p>Ters Osmoz d\u0131\u015f\u0131ndaki hi\u00e7bir proses, tek ba\u015f\u0131na sudaki b\u00fct\u00fcn yabanc\u0131 maddeleri ar\u0131tamaz. Ters Osmoz, suda bulunan gazlar d\u0131\u015f\u0131ndaki hemen hemen b\u00fct\u00fcn yabanc\u0131 maddeleri ar\u0131tabilir. Bakterileri de kolayl\u0131kla yakalayabilir ancak, bu durumda sistem i\u00e7erisinde bakteri \u00e7o\u011falmas\u0131 ger\u00e7ekle\u015febilir,. Bu sebeple, sistemin periyodik olarak dezenfeksiyonu gerekir.<\/p>\n\n\n\n<p>Ters Osmoz, aktif karbon gibi, organik maddelerin b\u00fcy\u00fck bir k\u0131sm\u0131n\u0131 ve deiyonize cihazlar\u0131n\u0131n tutamayaca\u011f\u0131 iyon olmayan maddeleri yakalayabilir. Fakat yakalad\u0131\u011f\u0131 baz\u0131 maddeler, Reverse Osmosis cihaz\u0131n\u0131n membran\u0131na zarar verebilir. Bu y\u00fczden, membran\u0131n korunmas\u0131 ve \u00f6mr\u00fcn\u00fcn uzat\u0131labilmesi i\u00e7in genellikle \u00f6n ar\u0131t\u0131m i\u015flemleri gereklidir.<\/p>\n\n\n\n<p>Reverse Osmosis i\u015flemi 24 saat s\u00fcre ile&nbsp; ar\u0131t\u0131lm\u0131\u015f su \u00fcretebilecek bir sistemdir, rejenerasyon sebebi ile prosese ara verilmesi gerekli de\u011fildir.<\/p>\n\n\n\n<p><strong>Ters Osmoz \u00c7al\u0131\u015fma Prensibi<\/strong><\/p>\n\n\n\n<p>Bir kab\u0131, yar\u0131 ge\u00e7irgen bir tabii zar veya R.O. membran\u0131 ile ikiye ay\u0131r\u0131rsak, bir tarafa deniz suyu ve di\u011fer tarafa saf su koyarsak, saf suyun deniz suyu taraf\u0131na ge\u00e7mesini engellemek i\u00e7in deniz suyu taraf\u0131na en az 26 Bar bas\u0131n\u00e7 uygulamam\u0131z gerekir. Bu bas\u0131n\u00e7 ters osmoz sistemlerinde y\u00fcksek bas\u0131n\u00e7 pompalar\u0131 ile sa\u011flan\u0131r. Dolay\u0131s\u0131 ile Ters Osmoz olay\u0131nda su i\u00e7indeki \u00e7\u00f6z\u00fcnm\u00fc\u015f mineraller zar\u0131n&nbsp; (Membran\u0131n) di\u011fer taraf\u0131na ge\u00e7emezler. Ham su i\u00e7inde bulunan kat\u0131 maddeler, bakteriler, vir\u00fcsler, organik maddeler de Membran\u0131 a\u015famazlar ve mineralli su taraf\u0131nda kal\u0131rlar.<\/p>\n\n\n\n<p>\u0130\u015fte, Ters Osmoz cihaz\u0131 bu prensip ile \u00e7al\u0131\u015f\u0131r, kuyu suyu gibi az mineral i\u00e7eren sulardan iyi su elde etmek i\u00e7in 10 \u2013 15 Bar gibi bas\u0131n\u00e7ta \u00e7al\u0131\u015fan R.O. cihazlar kullan\u0131l\u0131r; deniz suyundan iyi su elde etmek i\u00e7in ise 60 \u2013 70 Bar bas\u0131n\u00e7ta \u00e7al\u0131\u015fan R.O. cihazlar\u0131 tasarlan\u0131r.<\/p>\n\n\n\n<p>R.O. tekni\u011finin filtre tekni\u011finden di\u011fer \u00f6nemli bir fark\u0131 da, normal filtrede su filtre y\u00fczeyine dik olarak hareket eder ve sudan ayr\u0131lmas\u0131 istenen kat\u0131lar filtre y\u00fczeyinde kal\u0131r, suyun %100\u00fc s\u00fcz\u00fcl\u00fcr.&nbsp; Oysa R.O. tekni\u011finde su R.O. membran\u0131 y\u00fczeyine paralel olarak hareket eder, Membran\u0131n iki taraf\u0131ndaki bas\u0131n\u00e7 fark\u0131 ile mineralli suyun bir k\u0131sm\u0131 mineralleri terk ederek ve saf olarak Membran\u0131n di\u011fer taraf\u0131na ge\u00e7er. Mineralli sular R.O. Membran\u0131 boyunca hareket ederken su miktar\u0131 gittik\u00e7e azal\u0131r, ancak kalan suyun mineral miktar\u0131 gittik\u00e7e artar, bu kalan su, sudan ayr\u0131lmas\u0131 istenen mineraller ile beraber R.O. cihaz\u0131n\u0131 terk eder. R.O. tekni\u011finde, suyun i\u00e7indeki mineral miktar\u0131na g\u00f6re bu at\u0131lan suyun oran\u0131 hesaplan\u0131r.<\/p>\n\n\n\n<p><img loading=\"lazy\" width=\"395\" height=\"256\" src=\"\" alt=\"http:\/\/akrasuaritma.com\/wp-content\/uploads\/2020\/05\/ro-membran-%C3%A7izim.png\"><br>Mineral Filtresi olarak tan\u0131mlad\u0131\u011f\u0131m\u0131z R.O.\u2019da filtrasyon mertebesi bir mikronun binde biri alt\u0131ndad\u0131r (0,001 mikron alt\u0131nda). Minerallerin ge\u00e7emedi\u011fi bir filtreden vir\u00fcsler dahi ge\u00e7emez.<br>Teorik olarak, minerallerin Membrandan di\u011fer tarafa ge\u00e7memesi gerekir, ancak, tatbikatta \u00e7ok az bir miktar mineral saf su ile beraber membran\u0131 a\u015far. Mineral ka\u00e7a\u011f\u0131 olarak adland\u0131raca\u011f\u0131m\u0131z bu olay\u0131n miktar\u0131 ham suyun i\u00e7indeki minerallerin t\u00fcr\u00fcne ve miktar\u0131na, kullan\u0131lan R.O. Membran\u0131 t\u00fcr\u00fcne,&nbsp; R.O. cihaz\u0131n\u0131n i\u015fletme bas\u0131nc\u0131na, at\u0131k su oran\u0131na ve R.O. cihaz\u0131n\u0131n tasar\u0131m\u0131na g\u00f6re de\u011fi\u015fir.<\/p>\n\n\n\n<p>D\u00fc\u015f\u00fck bas\u0131n\u00e7ta \u00e7al\u0131\u015fan ve ham sudaki minerallerin yaln\u0131zca&nbsp; %70 kadar\u0131n\u0131 ay\u0131ran membranlar oldu\u011fu gibi, \u00e7ok y\u00fcksek bas\u0131n\u00e7ta g\u00f6rev yaparak minerallerin %99 kadar\u0131n\u0131 ay\u0131ran membran t\u00fcrleri de mevcuttur. \u00d6rne\u011fin, deniz suyunu iyile\u015ftiren R.O. cihazlar\u0131 suyun i\u00e7indeki \u00e7\u00f6z\u00fcnm\u00fc\u015f minerallerin %99unu ay\u0131r\u0131r ( yani %1 kadar mineral iyi su taraf\u0131na ka\u00e7ar), deniz suyundan iyi su elde edilirken ham suyun %60 kadar\u0131 at\u0131k olarak at\u0131l\u0131r. Oysa 1000 mikroS\/cm iletkenlikteki bir kuyu suyundan kazan besi suyu \u00fcreten bir R.O. cihaz\u0131n\u0131n %3 kadar mineral ka\u00e7\u0131rmas\u0131na m\u00fcsaade edilir, bu i\u015flem s\u0131ras\u0131nda ham suyun %20 kadar\u0131 at\u0131k su olarak at\u0131l\u0131r<\/p>\n\n\n\n<p>Membranlar\u0131n \u00e7o\u011fu 45 \u2013 50 derece s\u0131cakl\u0131klarda deforme olurlar. Son y\u0131llarda 80 derece su ile y\u0131kanabilen Membranlar da \u00fcretildi.&nbsp; Son icat edilen R.O. Membran t\u00fcrleri ile art\u0131k her ihtiyaca,&nbsp; her prosese ve at\u0131k su dahil her k\u00f6t\u00fc suya uygun R.O. membran\u0131 se\u00e7mek ve R.O. cihaz\u0131 imal etmek kolayla\u015ft\u0131.<\/p>\n\n\n\n<p>A\u015fa\u011f\u0131da, standart \u00fcretim kapsam\u0131nda olan ticari ve end\u00fcstriyel ters osmoz cihazlar\u0131m\u0131z\u0131n tablosu verilmi\u015ftir.<\/p>\n\n\n\n<p><strong>T\u0130CAR\u0130 TERS OSMOZ S\u0130STEMLER\u0130<\/strong><\/p>\n\n\n\n<p><img loading=\"lazy\" width=\"204\" height=\"374\" src=\"\" alt=\"http:\/\/akrasuaritma.com\/wp-content\/uploads\/2020\/05\/T%C4%B0CAR%C4%B0-RO.jpg\">Ticari Ters Osmoz Cihaz\u0131<\/p>\n\n\n\n<p><strong>END\u00dcSTR\u0130YEL TERS OSMOZ S\u0130STEMLER\u0130<\/strong><\/p>\n\n\n\n<p><img loading=\"lazy\" width=\"616\" height=\"462\" src=\"\" alt=\"http:\/\/akrasuaritma.com\/wp-content\/uploads\/2020\/05\/END%C3%9CSTR%C4%B0YEL-OSMOZ-foto.jpg\">End\u00fcstriyel Ters Osmoz Sistemleri<\/p>\n\n\n\n<p>Tablolar\u0131 verilen cihazlar i\u00e7in besi suyu \u00f6zellikleri;<\/p>\n\n\n\n<p>Giri\u015f suyu TDS : 0-2,000 ppm<\/p>\n\n\n\n<p>Giri\u015f suyu bas\u0131nc\u0131 : 2 to 5 bar<\/p>\n\n\n\n<p>Giri\u015f suyu pH aral\u0131\u011f\u0131 : 6-8<\/p>\n\n\n\n<p>Silika (SiO2) tolerans\u0131 : 25 ppm max.<\/p>\n\n\n\n<p>Min. ve max. fgiri\u015f suyu s\u0131cakl\u0131\u011f\u0131 (10\u00ba C \u2013 30\u00baC )<\/p>\n\n\n\n<p>Max. Demir (Fe) tolerans\u0131 : 0.05 ppm (ASC dozlanm\u0131yor ise) 0,2 ppm (ASC dodozlan\u0131yor ise)<\/p>\n\n\n\n<p>Hidrojen S\u00fclf\u00fcr olmamal\u0131d\u0131r.<\/p>\n\n\n\n<p>Bulan\u0131kl\u0131k olmamal\u0131d\u0131r (NTU &lt;1) \u2022 Ya\u011f-Gres olmamal\u0131d\u0131r \u2022 SDI &gt;&lt; 5)<\/p>\n\n\n\n<p>Mikrobiyolojik kirlilik olmamal\u0131d\u0131r<\/p>\n\n\n\n<p>Bu standart \u00f6zelliklerin d\u0131\u015f\u0131ndaki her \u00f6zellikteki suyun ters osmoz ile ar\u0131t\u0131lmas\u0131 i\u00e7in l\u00fctfen taraf\u0131m\u0131za ba\u015fvurunuz.&nbsp;<strong><em>AKRA SU ARITMA<\/em><\/strong>&nbsp;olarak&nbsp; TDS\u2019i 50.000\u2019e kadar olan sular\u0131n ar\u0131t\u0131m\u0131n\u0131, 1 m\u00b3\/g\u00fcn\u2019den ba\u015flayarak \u00e7ok y\u00fcksek t\u00fcketim kapasitelerini tek g\u00f6vdede kar\u015f\u0131layan modellerin projelendirilmesini, dizayn\u0131n\u0131 yapmaktay\u0131z.<br>Sistemlerin dizayn\u0131nda suyun tam kimyasal analizi ve \u00f6n ar\u0131t\u0131m sisteminin dizayn\u0131 \u00e7ok b\u00fcy\u00fck \u00f6nem ta\u015f\u0131r. Sistem komple olarak bir kumanda panosundan y\u00f6netilir. Modeller istenildi\u011fi taktirde otomatik membran&nbsp;y\u0131kama sistemi ile donat\u0131labilir.<\/p>","protected":false},"excerpt":{"rendered":"<p>Ters Osmoz RO membran\u0131 t\u00fcm \u00e7\u00f6z\u00fcnm\u00fc\u015f tuzlar ve inorganik molek\u00fclleri, ayr\u0131ca molek\u00fcl a\u011f\u0131rl\u0131\u011f\u0131 yakla\u015f\u0131k 100 daltonun \u00fczerindeki organik molek\u00fclleri ar\u0131t\u0131r. Tipik \u00e7\u00f6z\u00fcnm\u00fc\u015f tuz ar\u0131t\u0131m\u0131 95 \u2013 99%. Ters Osmoz d\u0131\u015f\u0131ndaki hi\u00e7bir proses, tek ba\u015f\u0131na sudaki b\u00fct\u00fcn yabanc\u0131 maddeleri ar\u0131tamaz. Ters Osmoz, suda bulunan gazlar d\u0131\u015f\u0131ndaki hemen hemen b\u00fct\u00fcn yabanc\u0131 maddeleri ar\u0131tabilir. Bakterileri de kolayl\u0131kla yakalayabilir [&hellip;]<\/p>","protected":false},"author":1,"featured_media":0,"parent":0,"menu_order":0,"comment_status":"closed","ping_status":"closed","template":"","meta":[],"_links":{"self":[{"href":"https:\/\/akrasuaritma.com\/en\/wp-json\/wp\/v2\/pages\/5108"}],"collection":[{"href":"https:\/\/akrasuaritma.com\/en\/wp-json\/wp\/v2\/pages"}],"about":[{"href":"https:\/\/akrasuaritma.com\/en\/wp-json\/wp\/v2\/types\/page"}],"author":[{"embeddable":true,"href":"https:\/\/akrasuaritma.com\/en\/wp-json\/wp\/v2\/users\/1"}],"replies":[{"embeddable":true,"href":"https:\/\/akrasuaritma.com\/en\/wp-json\/wp\/v2\/comments?post=5108"}],"version-history":[{"count":2,"href":"https:\/\/akrasuaritma.com\/en\/wp-json\/wp\/v2\/pages\/5108\/revisions"}],"predecessor-version":[{"id":5122,"href":"https:\/\/akrasuaritma.com\/en\/wp-json\/wp\/v2\/pages\/5108\/revisions\/5122"}],"wp:attachment":[{"href":"https:\/\/akrasuaritma.com\/en\/wp-json\/wp\/v2\/media?parent=5108"}],"curies":[{"name":"wp","href":"https:\/\/api.w.org\/{rel}","templated":true}]}}