{"id":5099,"date":"2020-09-04T22:52:04","date_gmt":"2020-09-04T19:52:04","guid":{"rendered":"https:\/\/akrasuaritma.com\/?page_id=5099"},"modified":"2020-09-04T23:04:15","modified_gmt":"2020-09-04T20:04:15","slug":"aktif-karbon-filtrasyon-sistemleri","status":"publish","type":"page","link":"https:\/\/akrasuaritma.com\/en\/aktif-karbon-filtrasyon-sistemleri\/","title":{"rendered":"Activated Carbon Filters"},"content":{"rendered":"<p>AKT\u0130F KARBON F\u0130LTRELER\u0130<\/p>\n\n\n\n<p>Sudaki renk, tad ve koku veren maddeler b\u00fcy\u00fck \u00f6l\u00e7\u00fclerde organik maddelerden kaynaklanmaktad\u0131r.<\/p>\n\n\n\n<p>Organik maddelerden ve klordan kaynaklanan koku, tad ve renk bozukluklar\u0131 aktif karbonla ar\u0131t\u0131l\u0131r. Suda klor do\u011fal olarak bulunmaz ancak dezenfeksiyon amac\u0131yla suya verilmesi neticesinde suda bulunur. Dezenfeksiyon amac\u0131yla suya verilen klor suyun ihtiyac\u0131 i\u00e7in harcand\u0131ktan sonra kullan\u0131lmayan k\u0131s\u0131m bir bakiye klor olu\u015fturur. Bakiye klor da suda istenmeyen renk, tad ve kokuya sebep olurlar.<\/p>\n\n\n\n<p>Renk ayr\u0131ca end\u00fcstriyel kirlili\u011fin neticesi olabilir. Baz\u0131 okside metaller \u00f6rne\u011fin demir, mangan gibi maddeler de suyu renkli hale getirir.<\/p>\n\n\n\n<p>Aktif karbon birim a\u011f\u0131rl\u0131\u011f\u0131na g\u00f6re \u00e7ok b\u00fcy\u00fck bir y\u00fczeye sahip olan bir mineraldir. 1 gram\u0131nda y\u00fczlerce metrekarelik alan vard\u0131r. Bu b\u00fcy\u00fck alan karbonun g\u00f6zenekleri i\u00e7indeki k\u00fc\u00e7\u00fck y\u00fczeylerden olu\u015fur.<\/p>\n\n\n\n<p>Aktif karbon cihaz\u0131nda ham su yukar\u0131dan a\u015fa\u011f\u0131ya do\u011fru akar. Bu ak\u0131\u015f esnas\u0131nda aktif karbon tabakas\u0131 suda istenmeyen renk, tad ve kokulara yol a\u00e7an organik maddeleri ve kloru adsorblayarak fiziksel bir filtrasyon yapar. Adsorbsiyon; olduk\u00e7a g\u00f6zenekli bir yap\u0131ya sahip olan aktif karbon bu maddeleri g\u00f6zenekleri i\u00e7ine s\u0131k\u0131\u015ft\u0131rarak ar\u0131t\u0131r. Aktif karbon inan\u0131lmaz derecede muhte\u015fem y\u00fczey alan\u0131yla \u00e7ok etkilidir. Bu alan, aktif karbon i\u00e7indeki k\u00fc\u00e7\u00fck g\u00f6zeneklerden olu\u015fur. Aktif karbon mineralinin 1 gram\u0131nda, kullan\u0131m alan\u0131na ba\u011fl\u0131 olarak, 200 m\u00b2 ila 1500 m\u00b2 aras\u0131nda bir y\u00fczey elde edilir.<\/p>\n\n\n\n<p>Aktif Karbon sistemi belirli bir \u00e7al\u0131\u015fma s\u00fcresinden sonra ters y\u0131kama i\u015flemine girmesi gerekir. Sistem bu durumda otomatik olarak kendini geri y\u0131kama i\u015flemine al\u0131r. Geri y\u0131kama i\u015flemi y\u00fcksek debideki suyun, normal i\u015fletmedeki su ak\u0131\u015f y\u00f6n\u00fcn\u00fcn aksi istikametinde akarak, filtre mineralini y\u0131kamas\u0131 ve minerallerin su ile temas eden y\u00fczeylerini de\u011fi\u015ftirerek adsopsiyon kabiliyetini artt\u0131rmas\u0131d\u0131r. Sistem daha \u00f6nce belirlenmi\u015f ve programlanm\u0131\u015f saatte hi\u00e7 bir insan m\u00fcdahalesi olmadan otomatik olarak geri y\u0131kama i\u015flemine girer.<\/p>\n\n\n\n<p>Filtre yata\u011f\u0131 alt\u0131nda bulunan ve b\u00fcy\u00fck boyutlu suyun minerallerden olu\u015fan alt drenaj yata\u011f\u0131 ; ters y\u0131kama s\u0131ras\u0131nda aktif karbonu ham suyun bulan\u0131kl\u0131\u011f\u0131ndan korur ve suyu filtre yata\u011f\u0131nda e\u015fit bir \u015fekilde da\u011f\u0131lmas\u0131n\u0131 sa\u011flar.<\/p>\n\n\n\n<p><strong>OTOMAT\u0130K KONTROL VALFL\u0130 AKT\u0130F KARBON F\u0130LTRE S\u0130STEMLER\u0130<\/strong><\/p>\n\n\n\n<p>D\u00fc\u015f\u00fck ve orta kapasitedeki debiler i\u00e7in uygun bir filtre grubudur.<\/p>\n\n\n\n<p>Sistemde 1 adet FRP malzemeden filtre tank\u0131, tank i\u00e7erisine yerle\u015ftirilmi\u015f kademeli kuartz kum, aktif karbon mineralleri ile tank \u00fczerine monte edilen otomatik kontrol valfi bulunmaktad\u0131r.<\/p>\n\n\n\n<p>Servis ve geri y\u0131kama a\u015famalar\u0131 hidrolik piston vana i\u00e7eren otomatik kontrol valfi &nbsp;ile zaman veya debi kontroll\u00fc olarak otomatik yap\u0131lmaktad\u0131r. Dijital kontrol sayesinde cihaz\u0131n \u00e7al\u0131\u015fma s\u00fcresi, servis ve ters y\u0131kama bilgileri cihaz \u00fczerinde izlenebilmektedir.<\/p>\n\n\n\n<p><strong>Y\u00dcZEY BORULAMALI S\u0130STEMLER<\/strong><\/p>\n\n\n\n<p>Y\u00fczey Borulamal\u0131 Aktif Karbon Filtreler, 20 m3 \/saat ve \u00fczeri kapasiteler i\u00e7in kullan\u0131lmaktad\u0131r.<\/p>\n\n\n\n<p>Y\u00fczey borulamal\u0131 sistemlerde servis ve geri y\u0131kama i\u015flemleri, tank y\u00fczeyindeki pn\u00f6matik veya elektrik kontroll\u00fc vanalar ve bu vanalar\u0131n ba\u011fl\u0131 oldu\u011fu kontrol panosu taraf\u0131ndan otomatik olarak ger\u00e7ekle\u015fmektedir.<\/p>\n\n\n\n<p>Tank malzemesi iste\u011fe ve ko\u015fullara ba\u011fl\u0131 olarak FRP, epoksi boyal\u0131 karbon \u00e7elik veya paslanmaz \u00e7elik malzemeden imal edilebilmektedir.<\/p>\n\n\n\n<p>Sistemin otomatik kontrol\u00fc standart sistemlerde zaman kontroll\u00fc olup, opsiyonel olarak debi kontroll\u00fc, bulan\u0131kl\u0131k \u00f6l\u00e7er kontroll\u00fc veya fark bas\u0131n\u00e7 kontroll\u00fc olarak da temin edilebilmektedir.<\/p>\n\n\n\n<p>\u0130ki&nbsp; ya da daha fazla \u00fcnitenin d\u00f6n\u00fc\u015f\u00fcml\u00fc veya e\u015f zamanl\u0131 \u00e7al\u0131\u015fmas\u0131 i\u00e7in sisteme \u00f6zel par\u00e7alar monte edilebilir. B\u00f6ylece \u00fcnitelerden biri ters y\u0131kamada iken di\u011feri devrede olacak ve s\u00fcrekli bir servis sa\u011flanacakt\u0131r.<\/p>\n\n\n\n<p>Standart \u00fcr\u00fcn aral\u0131\u011f\u0131na ilaveten, AKRA SU ARITMA daha y\u00fcksek debiler i\u00e7in \u00f6zel ar\u0131tma tesislerini&nbsp; de temin edebilir. \u00d6zel uygulamalar i\u00e7in konteynerlerde ya da k\u0131zaklarda&nbsp; kurulmu\u015f tesisler DIN, ASME, RINA v.s. normlar\u0131na uygundur.<\/p>\n\n\n\n<p>FRP TANKLI Y\u00dcZEY BORULAMALI AKT\u0130F KARBON F\u0130LTRES\u0130<\/p>\n\n\n\n<p>KARBON \u00c7EL\u0130K TANKLI Y\u00dcZEY BORULAMALI AKT\u0130F KARBON F\u0130LTRES\u0130<\/p>","protected":false},"excerpt":{"rendered":"<p>AKT\u0130F KARBON F\u0130LTRELER\u0130 Sudaki renk, tad ve koku veren maddeler b\u00fcy\u00fck \u00f6l\u00e7\u00fclerde organik maddelerden kaynaklanmaktad\u0131r. Organik maddelerden ve klordan kaynaklanan koku, tad ve renk bozukluklar\u0131 aktif karbonla ar\u0131t\u0131l\u0131r. Suda klor do\u011fal olarak bulunmaz ancak dezenfeksiyon amac\u0131yla suya verilmesi neticesinde suda bulunur. Dezenfeksiyon amac\u0131yla suya verilen klor suyun ihtiyac\u0131 i\u00e7in harcand\u0131ktan sonra kullan\u0131lmayan k\u0131s\u0131m bir bakiye [&hellip;]<\/p>","protected":false},"author":1,"featured_media":0,"parent":0,"menu_order":0,"comment_status":"closed","ping_status":"closed","template":"","meta":[],"_links":{"self":[{"href":"https:\/\/akrasuaritma.com\/en\/wp-json\/wp\/v2\/pages\/5099"}],"collection":[{"href":"https:\/\/akrasuaritma.com\/en\/wp-json\/wp\/v2\/pages"}],"about":[{"href":"https:\/\/akrasuaritma.com\/en\/wp-json\/wp\/v2\/types\/page"}],"author":[{"embeddable":true,"href":"https:\/\/akrasuaritma.com\/en\/wp-json\/wp\/v2\/users\/1"}],"replies":[{"embeddable":true,"href":"https:\/\/akrasuaritma.com\/en\/wp-json\/wp\/v2\/comments?post=5099"}],"version-history":[{"count":2,"href":"https:\/\/akrasuaritma.com\/en\/wp-json\/wp\/v2\/pages\/5099\/revisions"}],"predecessor-version":[{"id":5120,"href":"https:\/\/akrasuaritma.com\/en\/wp-json\/wp\/v2\/pages\/5099\/revisions\/5120"}],"wp:attachment":[{"href":"https:\/\/akrasuaritma.com\/en\/wp-json\/wp\/v2\/media?parent=5099"}],"curies":[{"name":"wp","href":"https:\/\/api.w.org\/{rel}","templated":true}]}}