{"id":5077,"date":"2020-09-04T22:35:12","date_gmt":"2020-09-04T19:35:12","guid":{"rendered":"https:\/\/akrasuaritma.com\/?page_id=5077"},"modified":"2020-09-04T23:02:35","modified_gmt":"2020-09-04T20:02:35","slug":"otomatik-tortu-filtreleri","status":"publish","type":"page","link":"https:\/\/akrasuaritma.com\/en\/otomatik-tortu-filtreleri\/","title":{"rendered":"Self Cleaning Filters"},"content":{"rendered":"<p>Otomatik Ters Y\u0131kamal\u0131 Filtreler, \u00e7ok kirli olmayan kuyu sular\u0131 ve \u015febekelerden temin edilen&nbsp;tatl\u0131 sularda ask\u0131da bulunan kat\u0131 partik\u00fcllerin filtrasyonunda kullan\u0131lan \u00f6n filtrelerdir.<\/p>\n\n\n\n<ul><li>\u00d6n filtrasyon olarak kullan\u0131ld\u0131\u011f\u0131 su ar\u0131tma sistemlerinde, end\u00fcstriyel uygulamalarda ve t\u00fcm ekipmanlarda koruma sa\u011flar.<\/li><li>Sistemlerde olu\u015fabilecek paslanma, tortu olu\u015fumu ve t\u0131kanmalara engel olur.<\/li><li>Otomatik filtre kullan\u0131lan sistemlerde kimyasal kullan\u0131m\u0131, enerji t\u00fcketimi ve d\u00f6nemsel te\u00e7hizat bak\u0131m s\u0131kl\u0131\u011f\u0131 azalacak ve uzun vadede maliyet ve zaman tasarrufu elde edilecektir<\/li><li>Filtrasyon Kartu\u015fu: 125\u03bcm<\/li><li>Zaman Kontroll\u00fc Otomatik Ters Y\u0131kama: 1-999 saat aral\u0131\u011f\u0131nda<\/li><li>Otomatik Ters Y\u0131kama esnas\u0131nda s\u00fcrekli su ak\u0131\u015f\u0131<\/li><li>Patentli \u201cTurboclean\u201d rotat\u00f6r<\/li><li>Elektrik kesintisi ve sistem ar\u0131zalar\u0131nda su basmas\u0131n\u0131 ve su s\u0131z\u0131nt\u0131s\u0131n\u0131 engelleyen G\u00fcvenlik Mekanizmas\u0131<\/li><li>360\u00b0 Hareket Kabiliyeti olan Pirin\u00e7 Ba\u011flant\u0131lar<\/li><li>PN 16 Pirin\u00e7 Filtre Kafas\u0131<\/li><li>AISI 316 Paslanmaz \u00c7elik Kartu\u015f<\/li><li>Pirin\u00e7 g\u00f6vde<\/li><li>1 1\/2\u201d 2\u201d modellerde Manometre<\/li><li>\u00dcretim esnas\u0131nda her model test edilmektedir<\/li><li>Avrupa Birli\u011fi Reg\u00fclasyonlar\u0131na Uygun<\/li><\/ul>","protected":false},"excerpt":{"rendered":"<p>Otomatik Ters Y\u0131kamal\u0131 Filtreler, \u00e7ok kirli olmayan kuyu sular\u0131 ve \u015febekelerden temin edilen&nbsp;tatl\u0131 sularda ask\u0131da bulunan kat\u0131 partik\u00fcllerin filtrasyonunda kullan\u0131lan \u00f6n filtrelerdir. \u00d6n filtrasyon olarak kullan\u0131ld\u0131\u011f\u0131 su ar\u0131tma sistemlerinde, end\u00fcstriyel uygulamalarda ve t\u00fcm ekipmanlarda koruma sa\u011flar. Sistemlerde olu\u015fabilecek paslanma, tortu olu\u015fumu ve t\u0131kanmalara engel olur. Otomatik filtre kullan\u0131lan sistemlerde kimyasal kullan\u0131m\u0131, enerji t\u00fcketimi ve d\u00f6nemsel [&hellip;]<\/p>","protected":false},"author":1,"featured_media":0,"parent":0,"menu_order":0,"comment_status":"closed","ping_status":"closed","template":"","meta":[],"_links":{"self":[{"href":"https:\/\/akrasuaritma.com\/en\/wp-json\/wp\/v2\/pages\/5077"}],"collection":[{"href":"https:\/\/akrasuaritma.com\/en\/wp-json\/wp\/v2\/pages"}],"about":[{"href":"https:\/\/akrasuaritma.com\/en\/wp-json\/wp\/v2\/types\/page"}],"author":[{"embeddable":true,"href":"https:\/\/akrasuaritma.com\/en\/wp-json\/wp\/v2\/users\/1"}],"replies":[{"embeddable":true,"href":"https:\/\/akrasuaritma.com\/en\/wp-json\/wp\/v2\/comments?post=5077"}],"version-history":[{"count":2,"href":"https:\/\/akrasuaritma.com\/en\/wp-json\/wp\/v2\/pages\/5077\/revisions"}],"predecessor-version":[{"id":5118,"href":"https:\/\/akrasuaritma.com\/en\/wp-json\/wp\/v2\/pages\/5077\/revisions\/5118"}],"wp:attachment":[{"href":"https:\/\/akrasuaritma.com\/en\/wp-json\/wp\/v2\/media?parent=5077"}],"curies":[{"name":"wp","href":"https:\/\/api.w.org\/{rel}","templated":true}]}}