{"id":5075,"date":"2020-09-04T22:33:35","date_gmt":"2020-09-04T19:33:35","guid":{"rendered":"https:\/\/akrasuaritma.com\/?page_id=5075"},"modified":"2020-09-04T23:02:53","modified_gmt":"2020-09-04T20:02:53","slug":"torba-filtreler","status":"publish","type":"page","link":"https:\/\/akrasuaritma.com\/en\/torba-filtreler\/","title":{"rendered":"Bag Filters"},"content":{"rendered":"<p>Suyun istenilen mikronlarda ar\u0131t\u0131lmas\u0131n\u0131 sa\u011flayan pp malzemeden yap\u0131lm\u0131\u015f i\u00e7indeki torba sayesinde suda ki b\u00fct\u00fcn pas, tortu, partik\u00fcl, kum vb. maddelerin torba i\u00e7erisinde tutularak ar\u0131t\u0131lmas\u0131n\u0131 sa\u011flayan filtre sistemidir.<\/p>\n\n\n\n<p>Torba Filtre sistemleri filtre g\u00f6vdesi ve torba filtrelerden olu\u015fmaktad\u0131r. Filtre g\u00f6vdesi suyu ar\u0131tacak ana eleman olan torba filtreye yuval\u0131k g\u00f6revi yapar. Filtre g\u00f6vdeleri PVC veya&nbsp; Paslanmaz \u00c7elik malzemelerden imal edilebilir. \u0130\u00e7eriden d\u0131\u015far\u0131ya olan s\u0131v\u0131 ak\u0131\u015f\u0131 ile t\u00fcm partik\u00fcl ve pislikler torba filtrenin i\u00e7erisinde kalmaktad\u0131r. Torba filtre kirlendi\u011fi zaman y\u0131kanabilir \u00f6zelliktedir.&nbsp;<\/p>","protected":false},"excerpt":{"rendered":"<p>Suyun istenilen mikronlarda ar\u0131t\u0131lmas\u0131n\u0131 sa\u011flayan pp malzemeden yap\u0131lm\u0131\u015f i\u00e7indeki torba sayesinde suda ki b\u00fct\u00fcn pas, tortu, partik\u00fcl, kum vb. maddelerin torba i\u00e7erisinde tutularak ar\u0131t\u0131lmas\u0131n\u0131 sa\u011flayan filtre sistemidir. Torba Filtre sistemleri filtre g\u00f6vdesi ve torba filtrelerden olu\u015fmaktad\u0131r. Filtre g\u00f6vdesi suyu ar\u0131tacak ana eleman olan torba filtreye yuval\u0131k g\u00f6revi yapar. Filtre g\u00f6vdeleri PVC veya&nbsp; Paslanmaz \u00c7elik malzemelerden [&hellip;]<\/p>","protected":false},"author":1,"featured_media":0,"parent":0,"menu_order":0,"comment_status":"closed","ping_status":"closed","template":"","meta":[],"_links":{"self":[{"href":"https:\/\/akrasuaritma.com\/en\/wp-json\/wp\/v2\/pages\/5075"}],"collection":[{"href":"https:\/\/akrasuaritma.com\/en\/wp-json\/wp\/v2\/pages"}],"about":[{"href":"https:\/\/akrasuaritma.com\/en\/wp-json\/wp\/v2\/types\/page"}],"author":[{"embeddable":true,"href":"https:\/\/akrasuaritma.com\/en\/wp-json\/wp\/v2\/users\/1"}],"replies":[{"embeddable":true,"href":"https:\/\/akrasuaritma.com\/en\/wp-json\/wp\/v2\/comments?post=5075"}],"version-history":[{"count":2,"href":"https:\/\/akrasuaritma.com\/en\/wp-json\/wp\/v2\/pages\/5075\/revisions"}],"predecessor-version":[{"id":5119,"href":"https:\/\/akrasuaritma.com\/en\/wp-json\/wp\/v2\/pages\/5075\/revisions\/5119"}],"wp:attachment":[{"href":"https:\/\/akrasuaritma.com\/en\/wp-json\/wp\/v2\/media?parent=5075"}],"curies":[{"name":"wp","href":"https:\/\/api.w.org\/{rel}","templated":true}]}}